{"id":37856,"date":"2026-02-12T09:25:35","date_gmt":"2026-02-12T09:25:35","guid":{"rendered":"https:\/\/www.vinodis.com\/?post_type=product&#038;p=37856"},"modified":"2026-04-16T07:38:16","modified_gmt":"2026-04-16T07:38:16","slug":"barbera-dasti-villa-della-rosa","status":"publish","type":"product","link":"https:\/\/www.vinodis.com\/nl\/product\/barbera-dasti-villa-della-rosa\/","title":{"rendered":"Barbera d\u00b4Asti Villa della Rosa"},"content":{"rendered":"<p>Robijnrood van kleur.<\/p>\n<p>Le nez offre est riche en fruits rouges, avec des notes florales et l\u00e9g\u00e8rement \u00e9pic\u00e9es.<\/p>\n<p>Les tannins sont tr\u00e8s souples.<\/p>\n<p>Un vin sur la fra\u00eecheur, de par l\u00b4acidit\u00e9 naturelle que conf\u00e8re le c\u00e9page Barbera.<\/p>","protected":false},"excerpt":{"rendered":"<p>Vin de couleur rouge rubis. Le nez offre est riche en fruits rouges, avec des notes florales et l\u00e9g\u00e8rement \u00e9pic\u00e9es. Les tannins sont tr\u00e8s souples. Un vin sur la fra\u00eecheur, de par l\u00b4acidit\u00e9 naturelle que conf\u00e8re le c\u00e9page Barbera.<\/p>","protected":false},"featured_media":35512,"comment_status":"closed","ping_status":"closed","template":"","meta":{"_acf_changed":false},"set_accompanying_cat":[1849,3113,1930],"beer_cat":[],"alcohol_cat":[],"wine_cat":[1855],"grapes_cat":[1854],"fournisseur":[],"regions_cat":[3300],"set_winetype_cat":[3046],"product_brand":[],"product_cat":[240],"product_tag":[],"class_list":{"0":"post-37856","1":"product","2":"type-product","3":"status-publish","4":"has-post-thumbnail","6":"set_accompanying_cat-fromages-doux","7":"set_accompanying_cat-legumes","8":"set_accompanying_cat-salades","9":"wine_cat-fruite","10":"grapes_cat-barbera","11":"regions_cat-barbera-dasti-docg-piemonte","12":"set_winetype_cat-rouge","13":"product_cat-vins","15":"first","16":"outofstock","17":"taxable","18":"shipping-taxable","19":"purchasable","20":"product-type-simple"},"acf":[],"_links":{"self":[{"href":"https:\/\/www.vinodis.com\/nl\/wp-json\/wp\/v2\/product\/37856","targetHints":{"allow":["GET"]}}],"collection":[{"href":"https:\/\/www.vinodis.com\/nl\/wp-json\/wp\/v2\/product"}],"about":[{"href":"https:\/\/www.vinodis.com\/nl\/wp-json\/wp\/v2\/types\/product"}],"replies":[{"embeddable":true,"href":"https:\/\/www.vinodis.com\/nl\/wp-json\/wp\/v2\/comments?post=37856"}],"wp:featuredmedia":[{"embeddable":true,"href":"https:\/\/www.vinodis.com\/nl\/wp-json\/wp\/v2\/media\/35512"}],"wp:attachment":[{"href":"https:\/\/www.vinodis.com\/nl\/wp-json\/wp\/v2\/media?parent=37856"}],"wp:term":[{"taxonomy":"set_accompanying_cat","embeddable":true,"href":"https:\/\/www.vinodis.com\/nl\/wp-json\/wp\/v2\/set_accompanying_cat?post=37856"},{"taxonomy":"beer_cat","embeddable":true,"href":"https:\/\/www.vinodis.com\/nl\/wp-json\/wp\/v2\/beer_cat?post=37856"},{"taxonomy":"alcohol_cat","embeddable":true,"href":"https:\/\/www.vinodis.com\/nl\/wp-json\/wp\/v2\/alcohol_cat?post=37856"},{"taxonomy":"wine_cat","embeddable":true,"href":"https:\/\/www.vinodis.com\/nl\/wp-json\/wp\/v2\/wine_cat?post=37856"},{"taxonomy":"grapes_cat","embeddable":true,"href":"https:\/\/www.vinodis.com\/nl\/wp-json\/wp\/v2\/grapes_cat?post=37856"},{"taxonomy":"fournisseur","embeddable":true,"href":"https:\/\/www.vinodis.com\/nl\/wp-json\/wp\/v2\/fournisseur?post=37856"},{"taxonomy":"regions_cat","embeddable":true,"href":"https:\/\/www.vinodis.com\/nl\/wp-json\/wp\/v2\/regions_cat?post=37856"},{"taxonomy":"set_winetype_cat","embeddable":true,"href":"https:\/\/www.vinodis.com\/nl\/wp-json\/wp\/v2\/set_winetype_cat?post=37856"},{"taxonomy":"product_brand","embeddable":true,"href":"https:\/\/www.vinodis.com\/nl\/wp-json\/wp\/v2\/product_brand?post=37856"},{"taxonomy":"product_cat","embeddable":true,"href":"https:\/\/www.vinodis.com\/nl\/wp-json\/wp\/v2\/product_cat?post=37856"},{"taxonomy":"product_tag","embeddable":true,"href":"https:\/\/www.vinodis.com\/nl\/wp-json\/wp\/v2\/product_tag?post=37856"}],"curies":[{"name":"wp","href":"https:\/\/api.w.org\/{rel}","templated":true}]}}