{"id":31761,"date":"2025-08-07T08:10:51","date_gmt":"2025-08-07T08:10:51","guid":{"rendered":"https:\/\/www.vinodis.com\/?post_type=product&#038;p=31761"},"modified":"2026-02-10T07:55:14","modified_gmt":"2026-02-10T07:55:14","slug":"carte-cadeau","status":"publish","type":"product","link":"https:\/\/www.vinodis.com\/nl\/product\/carte-cadeau\/","title":{"rendered":"Cadeaubonnen"},"content":{"rendered":"<p>Cadeaubon geldig online en in de winkel. Je ontvangt per e-mail een digitale cadeaubon die 365 dagen geldig is. Je kunt hem ook in de winkel inwisselen voor een fysieke versie - altijd een leuk cadeau!<\/p>\n<p>Deze cadeaubon is geldig voor de aankoop van flessen, proefmaaltijden, wijncursussen en priv\u00e9-evenementen.<\/p>","protected":false},"excerpt":{"rendered":"<p>Ch\u00e8que-cadeau valable en ligne et en magasin. Un bon num\u00e9rique, valable 365 jours, vous sera envoy\u00e9 par e-mail. Vous pouvez \u00e9galement l\u2019\u00e9changer en boutique contre une version physique \u2014 toujours plus agr\u00e9able \u00e0 offrir ! Ce ch\u00e8que-cadeau est valable pour l\u2019achat de bouteilles, les repas-d\u00e9gustation, les cours d\u2019\u0153nologie ainsi que les \u00e9v\u00e9nements priv\u00e9s.<\/p>","protected":false},"featured_media":31344,"comment_status":"open","ping_status":"closed","template":"","meta":{"_acf_changed":false},"set_accompanying_cat":[],"beer_cat":[],"alcohol_cat":[],"wine_cat":[],"grapes_cat":[],"fournisseur":[],"regions_cat":[],"set_winetype_cat":[],"product_brand":[],"product_cat":[3088],"product_tag":[],"class_list":{"0":"post-31761","1":"product","2":"type-product","3":"status-publish","4":"has-post-thumbnail","6":"product_cat-wps_wgm_giftcard-2","8":"first","9":"instock","10":"shipping-taxable","11":"purchasable","12":"product-type-wgm_gift_card"},"acf":[],"_links":{"self":[{"href":"https:\/\/www.vinodis.com\/nl\/wp-json\/wp\/v2\/product\/31761","targetHints":{"allow":["GET"]}}],"collection":[{"href":"https:\/\/www.vinodis.com\/nl\/wp-json\/wp\/v2\/product"}],"about":[{"href":"https:\/\/www.vinodis.com\/nl\/wp-json\/wp\/v2\/types\/product"}],"replies":[{"embeddable":true,"href":"https:\/\/www.vinodis.com\/nl\/wp-json\/wp\/v2\/comments?post=31761"}],"wp:featuredmedia":[{"embeddable":true,"href":"https:\/\/www.vinodis.com\/nl\/wp-json\/wp\/v2\/media\/31344"}],"wp:attachment":[{"href":"https:\/\/www.vinodis.com\/nl\/wp-json\/wp\/v2\/media?parent=31761"}],"wp:term":[{"taxonomy":"set_accompanying_cat","embeddable":true,"href":"https:\/\/www.vinodis.com\/nl\/wp-json\/wp\/v2\/set_accompanying_cat?post=31761"},{"taxonomy":"beer_cat","embeddable":true,"href":"https:\/\/www.vinodis.com\/nl\/wp-json\/wp\/v2\/beer_cat?post=31761"},{"taxonomy":"alcohol_cat","embeddable":true,"href":"https:\/\/www.vinodis.com\/nl\/wp-json\/wp\/v2\/alcohol_cat?post=31761"},{"taxonomy":"wine_cat","embeddable":true,"href":"https:\/\/www.vinodis.com\/nl\/wp-json\/wp\/v2\/wine_cat?post=31761"},{"taxonomy":"grapes_cat","embeddable":true,"href":"https:\/\/www.vinodis.com\/nl\/wp-json\/wp\/v2\/grapes_cat?post=31761"},{"taxonomy":"fournisseur","embeddable":true,"href":"https:\/\/www.vinodis.com\/nl\/wp-json\/wp\/v2\/fournisseur?post=31761"},{"taxonomy":"regions_cat","embeddable":true,"href":"https:\/\/www.vinodis.com\/nl\/wp-json\/wp\/v2\/regions_cat?post=31761"},{"taxonomy":"set_winetype_cat","embeddable":true,"href":"https:\/\/www.vinodis.com\/nl\/wp-json\/wp\/v2\/set_winetype_cat?post=31761"},{"taxonomy":"product_brand","embeddable":true,"href":"https:\/\/www.vinodis.com\/nl\/wp-json\/wp\/v2\/product_brand?post=31761"},{"taxonomy":"product_cat","embeddable":true,"href":"https:\/\/www.vinodis.com\/nl\/wp-json\/wp\/v2\/product_cat?post=31761"},{"taxonomy":"product_tag","embeddable":true,"href":"https:\/\/www.vinodis.com\/nl\/wp-json\/wp\/v2\/product_tag?post=31761"}],"curies":[{"name":"wp","href":"https:\/\/api.w.org\/{rel}","templated":true}]}}