{"id":31302,"date":"2025-07-15T09:41:57","date_gmt":"2025-07-15T09:41:57","guid":{"rendered":"https:\/\/www.vinodis.com\/?page_id=31302"},"modified":"2025-07-15T09:42:40","modified_gmt":"2025-07-15T09:42:40","slug":"informations-de-livraison","status":"publish","type":"page","link":"https:\/\/www.vinodis.com\/nl\/informations-de-livraison\/","title":{"rendered":"Informatie over levering"},"content":{"rendered":"<div data-elementor-type=\"wp-page\" data-elementor-id=\"31302\" class=\"elementor elementor-31302\" data-elementor-post-type=\"page\">\n\t\t\t\t<div class=\"elementor-element elementor-element-98fdc39 e-flex e-con-boxed e-con e-parent\" data-id=\"98fdc39\" data-element_type=\"container\" data-e-type=\"container\" data-settings=\"{&quot;jet_parallax_layout_list&quot;:[]}\">\n\t\t\t\t\t<div class=\"e-con-inner\">\n\t\t\t\t<div class=\"elementor-element elementor-element-136150a elementor-widget elementor-widget-heading\" data-id=\"136150a\" data-element_type=\"widget\" data-e-type=\"widget\" data-widget_type=\"heading.default\">\n\t\t\t\t<div class=\"elementor-widget-container\">\n\t\t\t\t\t<h1 class=\"elementor-heading-title elementor-size-default\">Informatie over levering<\/h1>\t\t\t\t<\/div>\n\t\t\t\t<\/div>\n\t\t\t\t<div class=\"elementor-element elementor-element-b0ee287 elementor-widget elementor-widget-text-editor\" data-id=\"b0ee287\" data-element_type=\"widget\" data-e-type=\"widget\" data-widget_type=\"text-editor.default\">\n\t\t\t\t<div class=\"elementor-widget-container\">\n\t\t\t\t\t\t\t\t\t<h1 class=\"\">Type levering<\/h1><p>\u00a0<\/p><p>Je hebt twee opties om je bestelling te ontvangen: bezorgen of afhalen in Chapelle-lez-Herlaimont (Belgi\u00eb).<\/p><ul><li>Als je kiest voor het bezorgsysteem, kan dit plaatsvinden op de locatie van jouw keuze (thuis, werk, buren, familie) en wanneer het jou uitkomt. De levertijd hangt af van het land van levering.<\/li><li>Als je kiest voor een afhaling in Chapelle-lez-Herlaimont (B-7160 - Belgi\u00eb), hoef je alleen maar telefonisch een afspraak te maken op het nummer +32 477 611 328. In dat geval vermijd je eventuele \u00ableveringskosten\u00bb.<\/li><\/ul><p>\u00a0<\/p><h1 class=\"\">Bezorgkosten<\/h1><p>\u00a0<\/p><p>De verzend-\/bezorgkosten zijn afhankelijk van de bestelde hoeveelheden en het land van levering.<br \/>Hier is een samenvattende tabel:<\/p><table width=\"705\"><tbody><tr><td><strong>Hoeveelheden \/ Land<\/strong><\/td><td><strong>Belgi\u00eb<\/strong><b><strong><br \/><\/strong><\/b><\/td><td><strong>Frankrijk<\/strong><b><strong><br \/><\/strong><\/b><\/td><td><strong>Nederland<\/strong><\/td><td><strong>Luxemburg<\/strong><b><strong><br \/><\/strong><\/b><\/td><td><strong>Duitsland<\/strong><\/td><\/tr><tr><td>1-11 flessen<\/td><td>11,10 \u20ac<\/td><td>19,50 \u20ac<\/td><td>14,50 \u20ac<\/td><td>12,70 \u20ac<\/td><td>14,00 \u20ac<\/td><\/tr><tr><td>12-24 flessen<\/td><td>Gratis<\/td><td>39,00 \u20ac<\/td><td>29,00 \u20ac<\/td><td>25,40 \u20ac<\/td><td>28,00 \u20ac<\/td><\/tr><tr><td>25-36 flessen<\/td><td>Gratis<\/td><td>58.50 \u20ac<\/td><td>43,50 \u20ac<\/td><td>38,10 \u20ac<\/td><td>42,00 \u20ac<\/td><\/tr><tr><td>37-48 flessen<\/td><td>Gratis<\/td><td>78,00 \u20ac<\/td><td>58,00 \u20ac<\/td><td>50,80 \u20ac<\/td><td>56,00 \u20ac<\/td><\/tr><tr><td>49-60 flessen<\/td><td>Gratis<\/td><td>97,50 \u20ac<\/td><td>72,50 \u20ac<\/td><td>63.50 \u20ac<\/td><td>70,00 \u20ac<\/td><\/tr><tr><td>61-72 flessen<\/td><td>Gratis<\/td><td>117,00 \u20ac<\/td><td>8700 \u20ac<\/td><td>76.20 \u20ac<\/td><td>84,00 \u20ac<\/td><\/tr><\/tbody><\/table><p>Voor alle andere landen en\/of hoeveelheden :\u00a0<a href=\"https:\/\/www.vinodis.com\/nl\/contact\/\" target=\"_blank\" rel=\"noopener\">contact met ons opnemen<\/a>.<\/p><p>\u00a0<\/p><h1 class=\"\">Levertijden<\/h1><p>\u00a0<\/p><ul><li>Belgi\u00eb: 5 werkdagen na ontvangst van betaling.<\/li><li>Frankrijk, Nederland, Luxemburg, Duitsland: 6 werkdagen na ontvangst van betaling.<\/li><\/ul><p>Als je de goederen sneller nodig hebt, neem dan contact met ons op voordat je bestelt.<\/p>\t\t\t\t\t\t\t\t<\/div>\n\t\t\t\t<\/div>\n\t\t\t\t\t<\/div>\n\t\t\t\t<\/div>\n\t\t\t\t<\/div>","protected":false},"excerpt":{"rendered":"<p>Informations de livraison Type de livraison \u00a0 Pour r\u00e9ceptionner votre commande, deux possibilit\u00e9s s\u2019offrent \u00e0 vous : livraison ou enl\u00e8vement \u00e0 Chapelle-lez-Herlaimont (Belgique). Si vous optez pour le syst\u00e8me de livraison, celle-ci peut avoir lieu \u00e0 l\u2019endroit de votre choix (domicile, travail, voisins, parents) et selon votre meilleure convenance. Le d\u00e9lai de livraison sera fonction [&hellip;]<\/p>\n","protected":false},"author":1,"featured_media":0,"parent":0,"menu_order":0,"comment_status":"closed","ping_status":"closed","template":"","meta":{"_acf_changed":false,"footnotes":""},"class_list":["post-31302","page","type-page","status-publish","hentry"],"acf":[],"_links":{"self":[{"href":"https:\/\/www.vinodis.com\/nl\/wp-json\/wp\/v2\/pages\/31302","targetHints":{"allow":["GET"]}}],"collection":[{"href":"https:\/\/www.vinodis.com\/nl\/wp-json\/wp\/v2\/pages"}],"about":[{"href":"https:\/\/www.vinodis.com\/nl\/wp-json\/wp\/v2\/types\/page"}],"author":[{"embeddable":true,"href":"https:\/\/www.vinodis.com\/nl\/wp-json\/wp\/v2\/users\/1"}],"replies":[{"embeddable":true,"href":"https:\/\/www.vinodis.com\/nl\/wp-json\/wp\/v2\/comments?post=31302"}],"version-history":[{"count":0,"href":"https:\/\/www.vinodis.com\/nl\/wp-json\/wp\/v2\/pages\/31302\/revisions"}],"wp:attachment":[{"href":"https:\/\/www.vinodis.com\/nl\/wp-json\/wp\/v2\/media?parent=31302"}],"curies":[{"name":"wp","href":"https:\/\/api.w.org\/{rel}","templated":true}]}}